{"id":2062,"date":"2023-12-13T11:14:23","date_gmt":"2023-12-13T10:14:23","guid":{"rendered":"https:\/\/swift-urban.com\/swifturban-api\/"},"modified":"2025-07-18T15:05:15","modified_gmt":"2025-07-18T13:05:15","slug":"swifturban-api","status":"publish","type":"page","link":"https:\/\/swift-urban.com\/de\/swifturban-api\/","title":{"rendered":"SwiftUrban API"},"content":{"rendered":"\t\t<div data-elementor-type=\"wp-page\" data-elementor-id=\"2062\" class=\"elementor elementor-2062 elementor-1796\" data-elementor-post-type=\"page\">\n\t\t\t\t<div class=\"elementor-element elementor-element-960634d e-con-full e-flex elementor-invisible e-con e-parent\" data-id=\"960634d\" data-element_type=\"container\" data-e-type=\"container\" data-settings=\"{&quot;background_background&quot;:&quot;video&quot;,&quot;jet_parallax_layout_list&quot;:[],&quot;animation&quot;:&quot;fadeIn&quot;,&quot;background_video_link&quot;:&quot;https:\\\/\\\/swift-urban.com\\\/wp-content\\\/uploads\\\/2024\\\/01\\\/API_Animation_1280x720.mp4&quot;,&quot;background_play_on_mobile&quot;:&quot;yes&quot;}\">\n\t\t<div class=\"elementor-background-video-container\">\n\t\t\t\t\t\t\t<video class=\"elementor-background-video-hosted\" role=\"presentation\" autoplay muted playsinline loop><\/video>\n\t\t\t\t\t<\/div><div class=\"elementor-element elementor-element-ded4bf7 e-con-full e-flex e-con e-child\" data-id=\"ded4bf7\" data-element_type=\"container\" data-e-type=\"container\" data-settings=\"{&quot;jet_parallax_layout_list&quot;:[]}\">\n\t\t\t\t<\/div>\n\t\t<div class=\"elementor-element elementor-element-b15935f e-con-full e-flex e-con e-child\" data-id=\"b15935f\" data-element_type=\"container\" data-e-type=\"container\" data-settings=\"{&quot;jet_parallax_layout_list&quot;:[]}\">\n\t\t\t\t<div class=\"elementor-element elementor-element-154df0f elementor-widget__width-initial elementor-widget-tablet__width-initial elementor-widget-mobile__width-initial elementor-absolute elementor-invisible elementor-widget elementor-widget-heading\" data-id=\"154df0f\" data-element_type=\"widget\" data-e-type=\"widget\" data-settings=\"{&quot;_animation&quot;:&quot;fadeIn&quot;,&quot;_animation_delay&quot;:200,&quot;_position&quot;:&quot;absolute&quot;}\" data-widget_type=\"heading.default\">\n\t\t\t\t<div class=\"elementor-widget-container\">\n\t\t\t\t\t<h2 class=\"elementor-heading-title elementor-size-default\">Revolutionieren Sie Ihre st\u00e4dtische Logistik mit der API von SwiftUrban!<\/h2>\t\t\t\t<\/div>\n\t\t\t\t<\/div>\n\t\t\t\t<\/div>\n\t\t\t\t<\/div>\n\t\t<div class=\"elementor-element elementor-element-ac8b20f e-con-full e-flex e-con e-parent\" data-id=\"ac8b20f\" data-element_type=\"container\" data-e-type=\"container\" data-settings=\"{&quot;jet_parallax_layout_list&quot;:[]}\">\n\t\t\t\t<div class=\"elementor-element elementor-element-c153b29 elementor-invisible elementor-widget elementor-widget-heading\" data-id=\"c153b29\" data-element_type=\"widget\" data-e-type=\"widget\" data-settings=\"{&quot;_animation&quot;:&quot;fadeIn&quot;}\" data-widget_type=\"heading.default\">\n\t\t\t\t<div class=\"elementor-widget-container\">\n\t\t\t\t\t<div class=\"elementor-heading-title elementor-size-default\">SwiftUrban API<\/div>\t\t\t\t<\/div>\n\t\t\t\t<\/div>\n\t\t\t\t<div class=\"elementor-element elementor-element-bf5f19a elementor-invisible elementor-widget elementor-widget-heading\" data-id=\"bf5f19a\" data-element_type=\"widget\" data-e-type=\"widget\" data-settings=\"{&quot;_animation&quot;:&quot;fadeIn&quot;,&quot;_animation_delay&quot;:300}\" data-widget_type=\"heading.default\">\n\t\t\t\t<div class=\"elementor-widget-container\">\n\t\t\t\t\t<h2 class=\"elementor-heading-title elementor-size-default\">Revolutionierung der st\u00e4dtischen Logistik<\/h2>\t\t\t\t<\/div>\n\t\t\t\t<\/div>\n\t\t\t\t<\/div>\n\t\t<div class=\"elementor-element elementor-element-e8c88be e-con-full e-flex e-con e-parent\" data-id=\"e8c88be\" data-element_type=\"container\" data-e-type=\"container\" data-settings=\"{&quot;jet_parallax_layout_list&quot;:[]}\">\n\t\t<div class=\"elementor-element elementor-element-b8d1600 e-con-full e-flex e-con e-child\" data-id=\"b8d1600\" data-element_type=\"container\" data-e-type=\"container\" data-settings=\"{&quot;jet_parallax_layout_list&quot;:[]}\">\n\t\t\t\t<div class=\"elementor-element elementor-element-eebb137 elementor-invisible elementor-widget elementor-widget-text-editor\" data-id=\"eebb137\" data-element_type=\"widget\" data-e-type=\"widget\" data-settings=\"{&quot;_animation&quot;:&quot;fadeIn&quot;}\" data-widget_type=\"text-editor.default\">\n\t\t\t\t<div class=\"elementor-widget-container\">\n\t\t\t\t\t\t\t\t\t<p>SwiftUrban LLC hat sich als Hauptakteur bei der Bereitstellung von Logistik- und Mobilit\u00e4tsdienstleistungen positioniert, die auf die CO2-regulierten st\u00e4dtischen Lieferm\u00e4rkte zugeschnitten sind. Die SwiftUrban-Plattform soll den strukturierten Markt der gro\u00dfen Logistik- und Flottenkunden mit dem neu entstehenden und stark fragmentierten Markt der CO2-relevanten Anbieter verbinden und standardisieren. Der Kundenkreis umfasst verschiedene Bereiche, darunter Paketlogistik, St\u00fcckgutlogistik, Lebensmitteleinzelhandel, Geb\u00e4udemanagement, Einzelhandel und Gewerbe, Mikromobilit\u00e4t und Lebensmittellieferung. Alle diese Sektoren stehen vor der gemeinsamen Herausforderung, den \u00dcbergang zu einer CO2-neutralen st\u00e4dtischen Logistik zu schaffen.<\/p><p>Die Kernkompetenzen von SwiftUrban liegen im komplexen Zusammenspiel von Beschaffung, Service und Flottenmanagement von Fahrzeugen, gepaart mit CO2-neutraler Logistikplanung und dem \u00dcbergang zu gr\u00fcner Mobilit\u00e4t mit neuen Fahrzeugen. Dies wird mit hochentwickelten IT-Plattformen kombiniert, die f\u00fcr die Kunden und Konten, die mit der SwiftUrban-Plattform verbunden sind, eine entscheidende Rolle spielen. Die Plattforml\u00f6sungen des Unternehmens umfassen Logistikmanagement, Gesamtbetriebskosten, Lieferketten- und Logistikmanagement, Instrumente zur Kohlenstoffregulierung und -berichterstattung, Emissionszonen, Lastenfahrr\u00e4der, Mikrodepots und Hubs sowie die Zustellung auf der letzten Meile.<\/p>\t\t\t\t\t\t\t\t<\/div>\n\t\t\t\t<\/div>\n\t\t\t\t<\/div>\n\t\t<div class=\"elementor-element elementor-element-cf41353 e-con-full e-flex elementor-invisible e-con e-child\" data-id=\"cf41353\" data-element_type=\"container\" data-e-type=\"container\" data-settings=\"{&quot;jet_parallax_layout_list&quot;:[],&quot;background_background&quot;:&quot;classic&quot;,&quot;animation&quot;:&quot;fadeIn&quot;,&quot;animation_delay&quot;:150,&quot;background_motion_fx_motion_fx_scrolling&quot;:&quot;yes&quot;,&quot;background_motion_fx_translateX_effect&quot;:&quot;yes&quot;,&quot;background_motion_fx_translateX_speed&quot;:{&quot;unit&quot;:&quot;px&quot;,&quot;size&quot;:4,&quot;sizes&quot;:[]},&quot;background_motion_fx_translateX_affectedRange&quot;:{&quot;unit&quot;:&quot;%&quot;,&quot;size&quot;:&quot;&quot;,&quot;sizes&quot;:{&quot;start&quot;:0,&quot;end&quot;:100}},&quot;background_motion_fx_devices&quot;:[&quot;desktop&quot;,&quot;tablet&quot;,&quot;mobile&quot;]}\">\n\t\t\t\t<\/div>\n\t\t\t\t<\/div>\n\t\t<div class=\"elementor-element elementor-element-30c9e55 e-con-full e-flex e-con e-parent\" data-id=\"30c9e55\" data-element_type=\"container\" data-e-type=\"container\" data-settings=\"{&quot;jet_parallax_layout_list&quot;:[]}\">\n\t\t<div class=\"elementor-element elementor-element-0d4f0aa e-con-full e-flex elementor-invisible e-con e-child\" data-id=\"0d4f0aa\" data-element_type=\"container\" data-e-type=\"container\" data-settings=\"{&quot;jet_parallax_layout_list&quot;:[],&quot;background_background&quot;:&quot;classic&quot;,&quot;animation&quot;:&quot;fadeIn&quot;,&quot;animation_delay&quot;:150,&quot;background_motion_fx_motion_fx_scrolling&quot;:&quot;yes&quot;,&quot;background_motion_fx_translateX_effect&quot;:&quot;yes&quot;,&quot;background_motion_fx_translateX_speed&quot;:{&quot;unit&quot;:&quot;px&quot;,&quot;size&quot;:4,&quot;sizes&quot;:[]},&quot;background_motion_fx_translateX_affectedRange&quot;:{&quot;unit&quot;:&quot;%&quot;,&quot;size&quot;:&quot;&quot;,&quot;sizes&quot;:{&quot;start&quot;:0,&quot;end&quot;:100}},&quot;background_motion_fx_devices&quot;:[&quot;desktop&quot;,&quot;tablet&quot;,&quot;mobile&quot;]}\">\n\t\t\t\t<\/div>\n\t\t<div class=\"elementor-element elementor-element-e0f579b e-con-full e-flex e-con e-child\" data-id=\"e0f579b\" data-element_type=\"container\" data-e-type=\"container\" data-settings=\"{&quot;jet_parallax_layout_list&quot;:[]}\">\n\t\t\t\t<div class=\"elementor-element elementor-element-ca6c604 elementor-invisible elementor-widget elementor-widget-text-editor\" data-id=\"ca6c604\" data-element_type=\"widget\" data-e-type=\"widget\" data-settings=\"{&quot;_animation&quot;:&quot;fadeIn&quot;,&quot;_animation_delay&quot;:150}\" data-widget_type=\"text-editor.default\">\n\t\t\t\t<div class=\"elementor-widget-container\">\n\t\t\t\t\t\t\t\t\t<p>Diese Angebote spiegeln das Engagement von SwiftUrban wider, umfassende, nachhaltige L\u00f6sungen f\u00fcr die urbane Logistik anzubieten und die Bedeutung von CO2-Reduzierung und umweltfreundlicher Mobilit\u00e4t in dem sich entwickelnden Markt von heute zu unterstreichen.<\/p><p>SwiftUrban LLC bietet eine umfassende und vielseitige API f\u00fcr Unternehmen aus den Bereichen Paketlogistik, St\u00fcckgutlogistik, Lebensmitteleinzelhandel, Facility Management, Einzelhandel und Gewerbe, Mikromobilit\u00e4t und Lebensmittellieferung. Da diese Sektoren zunehmend eine CO2-neutrale Stadtlogistik anstreben, spielt die API von SwiftUrban eine entscheidende Rolle bei der Gew\u00e4hrleistung einer nahtlosen Interoperabilit\u00e4t mit bestehenden Systemen, w\u00e4hrend sie gleichzeitig die spezifischen Bed\u00fcrfnisse der einzelnen Branchen ber\u00fccksichtigt.<\/p>\t\t\t\t\t\t\t\t<\/div>\n\t\t\t\t<\/div>\n\t\t\t\t<\/div>\n\t\t\t\t<\/div>\n\t\t<div class=\"elementor-element elementor-element-7f01902 e-con-full e-flex e-con e-parent\" data-id=\"7f01902\" data-element_type=\"container\" data-e-type=\"container\" data-settings=\"{&quot;jet_parallax_layout_list&quot;:[]}\">\n\t\t<div class=\"elementor-element elementor-element-1a56c82 e-con-full e-flex elementor-invisible e-con e-child\" data-id=\"1a56c82\" data-element_type=\"container\" data-e-type=\"container\" data-settings=\"{&quot;jet_parallax_layout_list&quot;:[],&quot;animation&quot;:&quot;fadeIn&quot;,&quot;animation_delay&quot;:150}\">\n\t\t\t\t<div class=\"elementor-element elementor-element-5418c63 elementor-widget elementor-widget-image\" data-id=\"5418c63\" data-element_type=\"widget\" data-e-type=\"widget\" data-widget_type=\"image.default\">\n\t\t\t\t<div class=\"elementor-widget-container\">\n\t\t\t\t\t\t\t\t\t\t\t\t\t\t\t<img fetchpriority=\"high\" decoding=\"async\" width=\"600\" height=\"497\" src=\"https:\/\/swift-urban.com\/wp-content\/uploads\/2023\/12\/icon-empowering-600x497.jpg\" class=\"attachment-thumbnail size-thumbnail wp-image-1914\" alt=\"\" \/>\t\t\t\t\t\t\t\t\t\t\t\t\t\t\t<\/div>\n\t\t\t\t<\/div>\n\t\t\t\t<div class=\"elementor-element elementor-element-783a70a elementor-widget elementor-widget-heading\" data-id=\"783a70a\" data-element_type=\"widget\" data-e-type=\"widget\" data-widget_type=\"heading.default\">\n\t\t\t\t<div class=\"elementor-widget-container\">\n\t\t\t\t\t<h2 class=\"elementor-heading-title elementor-size-default\">St\u00e4rkung der Unternehmen<\/h2>\t\t\t\t<\/div>\n\t\t\t\t<\/div>\n\t\t\t\t<div class=\"elementor-element elementor-element-b674c71 elementor-widget elementor-widget-text-editor\" data-id=\"b674c71\" data-element_type=\"widget\" data-e-type=\"widget\" data-widget_type=\"text-editor.default\">\n\t\t\t\t<div class=\"elementor-widget-container\">\n\t\t\t\t\t\t\t\t\t<ul><li><strong>Nahtlose B2B-Konnektivit\u00e4t<\/strong>: Erleichtern Sie robuste gesch\u00e4ftliche Interaktionen.<\/li><li><strong>M\u00fchelose Beschaffung<\/strong>: Vereinfachen Sie die Beschaffung mit unserem One-Stop-Shop-Konzept.<\/li><li><strong>Robuste IAM-Systeme<\/strong>: Sicherer und optimierter Zugang f\u00fcr alle Beteiligten.<\/li><\/ul>\t\t\t\t\t\t\t\t<\/div>\n\t\t\t\t<\/div>\n\t\t\t\t<\/div>\n\t\t<div class=\"elementor-element elementor-element-34a8e2f e-con-full e-flex elementor-invisible e-con e-child\" data-id=\"34a8e2f\" data-element_type=\"container\" data-e-type=\"container\" data-settings=\"{&quot;jet_parallax_layout_list&quot;:[],&quot;animation&quot;:&quot;fadeIn&quot;,&quot;animation_delay&quot;:300}\">\n\t\t\t\t<div class=\"elementor-element elementor-element-fe4e981 elementor-widget elementor-widget-image\" data-id=\"fe4e981\" data-element_type=\"widget\" data-e-type=\"widget\" data-widget_type=\"image.default\">\n\t\t\t\t<div class=\"elementor-widget-container\">\n\t\t\t\t\t\t\t\t\t\t\t\t\t\t\t<img decoding=\"async\" width=\"600\" height=\"497\" src=\"https:\/\/swift-urban.com\/wp-content\/uploads\/2023\/12\/icon-greenmobility-600x497.jpg\" class=\"attachment-thumbnail size-thumbnail wp-image-1917\" alt=\"\" \/>\t\t\t\t\t\t\t\t\t\t\t\t\t\t\t<\/div>\n\t\t\t\t<\/div>\n\t\t\t\t<div class=\"elementor-element elementor-element-920e3c0 elementor-widget elementor-widget-heading\" data-id=\"920e3c0\" data-element_type=\"widget\" data-e-type=\"widget\" data-widget_type=\"heading.default\">\n\t\t\t\t<div class=\"elementor-widget-container\">\n\t\t\t\t\t<h3 class=\"elementor-heading-title elementor-size-default\">Gr\u00fcne Mobilit\u00e4tsl\u00f6sungen<\/h3>\t\t\t\t<\/div>\n\t\t\t\t<\/div>\n\t\t\t\t<div class=\"elementor-element elementor-element-324845d elementor-widget elementor-widget-text-editor\" data-id=\"324845d\" data-element_type=\"widget\" data-e-type=\"widget\" data-widget_type=\"text-editor.default\">\n\t\t\t\t<div class=\"elementor-widget-container\">\n\t\t\t\t\t\t\t\t\t<ul><li><strong>Umweltfreundlicher Fuhrpark &#8211; Vielfalt<\/strong>: Von eBikes bis zu autonomen eTrailern.<\/li><li><strong>Anpassbare Spezifikationen<\/strong>: Passen Sie Nutzlast, Volumen und Reichweite an Ihre Bed\u00fcrfnisse an.<\/li><\/ul>\t\t\t\t\t\t\t\t<\/div>\n\t\t\t\t<\/div>\n\t\t\t\t<\/div>\n\t\t\t\t<\/div>\n\t\t<div class=\"elementor-element elementor-element-c99b55f e-con-full e-flex e-con e-parent\" data-id=\"c99b55f\" data-element_type=\"container\" data-e-type=\"container\" data-settings=\"{&quot;jet_parallax_layout_list&quot;:[]}\">\n\t\t<div class=\"elementor-element elementor-element-849e3cb e-con-full e-flex elementor-invisible e-con e-child\" data-id=\"849e3cb\" data-element_type=\"container\" data-e-type=\"container\" data-settings=\"{&quot;jet_parallax_layout_list&quot;:[],&quot;animation&quot;:&quot;fadeIn&quot;,&quot;animation_delay&quot;:150}\">\n\t\t\t\t<div class=\"elementor-element elementor-element-a6ea35b elementor-widget elementor-widget-image\" data-id=\"a6ea35b\" data-element_type=\"widget\" data-e-type=\"widget\" data-widget_type=\"image.default\">\n\t\t\t\t<div class=\"elementor-widget-container\">\n\t\t\t\t\t\t\t\t\t\t\t\t\t\t\t<img decoding=\"async\" width=\"600\" height=\"497\" src=\"https:\/\/swift-urban.com\/wp-content\/uploads\/2023\/12\/icon-operational-600x497.jpg\" class=\"attachment-thumbnail size-thumbnail wp-image-1923\" alt=\"\" \/>\t\t\t\t\t\t\t\t\t\t\t\t\t\t\t<\/div>\n\t\t\t\t<\/div>\n\t\t\t\t<div class=\"elementor-element elementor-element-6e46984 elementor-widget elementor-widget-heading\" data-id=\"6e46984\" data-element_type=\"widget\" data-e-type=\"widget\" data-widget_type=\"heading.default\">\n\t\t\t\t<div class=\"elementor-widget-container\">\n\t\t\t\t\t<h2 class=\"elementor-heading-title elementor-size-default\">Operative Exzellenz<\/h2>\t\t\t\t<\/div>\n\t\t\t\t<\/div>\n\t\t\t\t<div class=\"elementor-element elementor-element-9578d8f elementor-widget elementor-widget-text-editor\" data-id=\"9578d8f\" data-element_type=\"widget\" data-e-type=\"widget\" data-widget_type=\"text-editor.default\">\n\t\t\t\t<div class=\"elementor-widget-container\">\n\t\t\t\t\t\t\t\t\t<ul><li><strong>Erweiterte Ladeoptionen<\/strong>: Diverse Ladungstr\u00e4ger f\u00fcr alle Frachtarten.<\/li><li><strong>Hochmoderne Funktionen<\/strong>: Auswechselbare Batterien, Klimabest\u00e4ndigkeit und mehr.<\/li><\/ul>\t\t\t\t\t\t\t\t<\/div>\n\t\t\t\t<\/div>\n\t\t\t\t<\/div>\n\t\t<div class=\"elementor-element elementor-element-ee98382 e-con-full e-flex elementor-invisible e-con e-child\" data-id=\"ee98382\" data-element_type=\"container\" data-e-type=\"container\" data-settings=\"{&quot;jet_parallax_layout_list&quot;:[],&quot;animation&quot;:&quot;fadeIn&quot;,&quot;animation_delay&quot;:300}\">\n\t\t\t\t<div class=\"elementor-element elementor-element-ac2df3c elementor-widget elementor-widget-image\" data-id=\"ac2df3c\" data-element_type=\"widget\" data-e-type=\"widget\" data-widget_type=\"image.default\">\n\t\t\t\t<div class=\"elementor-widget-container\">\n\t\t\t\t\t\t\t\t\t\t\t\t\t\t\t<img loading=\"lazy\" decoding=\"async\" width=\"600\" height=\"497\" src=\"https:\/\/swift-urban.com\/wp-content\/uploads\/2023\/12\/icon-support-600x497.jpg\" class=\"attachment-thumbnail size-thumbnail wp-image-1932\" alt=\"\" \/>\t\t\t\t\t\t\t\t\t\t\t\t\t\t\t<\/div>\n\t\t\t\t<\/div>\n\t\t\t\t<div class=\"elementor-element elementor-element-a5cf51b elementor-widget elementor-widget-heading\" data-id=\"a5cf51b\" data-element_type=\"widget\" data-e-type=\"widget\" data-widget_type=\"heading.default\">\n\t\t\t\t<div class=\"elementor-widget-container\">\n\t\t\t\t\t<h3 class=\"elementor-heading-title elementor-size-default\">Verbesserte Unterst\u00fctzungsdienste<\/h3>\t\t\t\t<\/div>\n\t\t\t\t<\/div>\n\t\t\t\t<div class=\"elementor-element elementor-element-27002ad elementor-widget elementor-widget-text-editor\" data-id=\"27002ad\" data-element_type=\"widget\" data-e-type=\"widget\" data-widget_type=\"text-editor.default\">\n\t\t\t\t<div class=\"elementor-widget-container\">\n\t\t\t\t\t\t\t\t\t<ul><li><strong>Strategische Einblicke<\/strong>: Zugang zu unserem KPI-Dashboard und unserer Wissensdatenbank.<\/li><li><strong>Flexible Beschaffung<\/strong>: Kauf, Leasing oder Finanzierung mit umfassendem Versicherungsschutz.<\/li><li><strong>Engagierte Unterst\u00fctzung<\/strong>: Un\u00fcbertroffener technischer Service und Kundendienst.<\/li><\/ul>\t\t\t\t\t\t\t\t<\/div>\n\t\t\t\t<\/div>\n\t\t\t\t<\/div>\n\t\t\t\t<\/div>\n\t\t<div class=\"elementor-element elementor-element-d8ea950 e-con-full e-flex e-con e-parent\" data-id=\"d8ea950\" data-element_type=\"container\" data-e-type=\"container\" data-settings=\"{&quot;jet_parallax_layout_list&quot;:[]}\">\n\t\t<div class=\"elementor-element elementor-element-1ae02c4 e-con-full e-flex elementor-invisible e-con e-child\" data-id=\"1ae02c4\" data-element_type=\"container\" data-e-type=\"container\" data-settings=\"{&quot;jet_parallax_layout_list&quot;:[],&quot;animation&quot;:&quot;fadeIn&quot;,&quot;animation_delay&quot;:150}\">\n\t\t\t\t<div class=\"elementor-element elementor-element-3c3685f elementor-widget elementor-widget-heading\" data-id=\"3c3685f\" data-element_type=\"widget\" data-e-type=\"widget\" data-widget_type=\"heading.default\">\n\t\t\t\t<div class=\"elementor-widget-container\">\n\t\t\t\t\t<h2 class=\"elementor-heading-title elementor-size-default\">Strategische Verm\u00f6gensverwaltung<\/h2>\t\t\t\t<\/div>\n\t\t\t\t<\/div>\n\t\t\t\t<div class=\"elementor-element elementor-element-b74d540 elementor-widget elementor-widget-image\" data-id=\"b74d540\" data-element_type=\"widget\" data-e-type=\"widget\" data-widget_type=\"image.default\">\n\t\t\t\t<div class=\"elementor-widget-container\">\n\t\t\t\t\t\t\t\t\t\t\t\t\t\t\t<img loading=\"lazy\" decoding=\"async\" width=\"600\" height=\"497\" src=\"https:\/\/swift-urban.com\/wp-content\/uploads\/2023\/12\/icon-delivery-600x497.jpg\" class=\"attachment-thumbnail size-thumbnail wp-image-1942\" alt=\"\" \/>\t\t\t\t\t\t\t\t\t\t\t\t\t\t\t<\/div>\n\t\t\t\t<\/div>\n\t\t\t\t<div class=\"elementor-element elementor-element-48b3d0d elementor-widget elementor-widget-text-editor\" data-id=\"48b3d0d\" data-element_type=\"widget\" data-e-type=\"widget\" data-widget_type=\"text-editor.default\">\n\t\t\t\t<div class=\"elementor-widget-container\">\n\t\t\t\t\t\t\t\t\t<ul><li><strong>Fuhrpark-Optimierung<\/strong>: Verwalten Sie Ihre Flotte mit Pr\u00e4zision.<\/li><li><strong>Integration von Unterauftragnehmern<\/strong>: Optimieren Sie die Abl\u00e4ufe in Ihrem Netzwerk.<\/li><\/ul>\t\t\t\t\t\t\t\t<\/div>\n\t\t\t\t<\/div>\n\t\t\t\t<\/div>\n\t\t<div class=\"elementor-element elementor-element-95750e5 e-con-full e-flex elementor-invisible e-con e-child\" data-id=\"95750e5\" data-element_type=\"container\" data-e-type=\"container\" data-settings=\"{&quot;jet_parallax_layout_list&quot;:[],&quot;animation&quot;:&quot;fadeIn&quot;,&quot;animation_delay&quot;:300}\">\n\t\t\t\t<div class=\"elementor-element elementor-element-e2af239 elementor-widget elementor-widget-heading\" data-id=\"e2af239\" data-element_type=\"widget\" data-e-type=\"widget\" data-widget_type=\"heading.default\">\n\t\t\t\t<div class=\"elementor-widget-container\">\n\t\t\t\t\t<h2 class=\"elementor-heading-title elementor-size-default\">KI-gesteuerte Plattform<\/h2>\t\t\t\t<\/div>\n\t\t\t\t<\/div>\n\t\t\t\t<div class=\"elementor-element elementor-element-71ae417 elementor-widget elementor-widget-image\" data-id=\"71ae417\" data-element_type=\"widget\" data-e-type=\"widget\" data-widget_type=\"image.default\">\n\t\t\t\t<div class=\"elementor-widget-container\">\n\t\t\t\t\t\t\t\t\t\t\t\t\t\t\t<img loading=\"lazy\" decoding=\"async\" width=\"600\" height=\"497\" src=\"https:\/\/swift-urban.com\/wp-content\/uploads\/2023\/12\/icon-delivery2-600x497.jpg\" class=\"attachment-thumbnail size-thumbnail wp-image-1945\" alt=\"\" \/>\t\t\t\t\t\t\t\t\t\t\t\t\t\t\t<\/div>\n\t\t\t\t<\/div>\n\t\t\t\t<div class=\"elementor-element elementor-element-17ed26c elementor-widget elementor-widget-text-editor\" data-id=\"17ed26c\" data-element_type=\"widget\" data-e-type=\"widget\" data-widget_type=\"text-editor.default\">\n\t\t\t\t<div class=\"elementor-widget-container\">\n\t\t\t\t\t\t\t\t\t<ul><li><strong>Revolutionieren Sie die urbane Logistik mit KI<\/strong>: Effiziente, umweltfreundliche Paketzustellung, die auf die individuellen Bed\u00fcrfnisse Ihrer Stadt zugeschnitten ist.<\/li><li><strong>Nutzen Sie die Macht der KI f\u00fcr eine intelligentere Paketzustellung<\/strong>: Optimierte Routen, geringerer CO2-Aussto\u00df, h\u00f6here Kundenzufriedenheit.<\/li><li><strong>KI-gesteuerte L\u00f6sungen f\u00fcr die Zukunft der st\u00e4dtischen Zustellung<\/strong>: Anpassung an die Topografie, die Infrastruktur und den Rhythmus Ihrer Stadt.<\/li><\/ul>\t\t\t\t\t\t\t\t<\/div>\n\t\t\t\t<\/div>\n\t\t\t\t<\/div>\n\t\t\t\t<\/div>\n\t\t<div class=\"elementor-element elementor-element-81b6b66 e-con-full e-flex e-con e-parent\" data-id=\"81b6b66\" data-element_type=\"container\" data-e-type=\"container\" data-settings=\"{&quot;jet_parallax_layout_list&quot;:[]}\">\n\t\t\t\t<div class=\"elementor-element elementor-element-117388e elementor-invisible elementor-widget elementor-widget-heading\" data-id=\"117388e\" data-element_type=\"widget\" data-e-type=\"widget\" data-settings=\"{&quot;_animation&quot;:&quot;fadeIn&quot;,&quot;_animation_delay&quot;:300}\" data-widget_type=\"heading.default\">\n\t\t\t\t<div class=\"elementor-widget-container\">\n\t\t\t\t\t<h2 class=\"elementor-heading-title elementor-size-default\">Revolutionieren Sie Ihre urbane Logistik mit der API von SwiftUrban: Ihr Tor zu effizienten, nachhaltigen und CO2-neutralen Abl\u00e4ufen.<\/h2>\t\t\t\t<\/div>\n\t\t\t\t<\/div>\n\t\t\t\t<\/div>\n\t\t\t\t<\/div>\n\t\t","protected":false},"excerpt":{"rendered":"<p>SwiftUrban bietet eine umfassende und vielseitige API f\u00fcr Unternehmen aus den Bereichen Paketlogistik, St\u00fcckgutlogistik, Lebensmitteleinzelhandel, Geb\u00e4udemanagement, Handel und Gewerbe, Mikromobilit\u00e4t und Lebensmittelzustellung. Da diese Sektoren zunehmend eine CO2-neutrale Stadtlogistik anstreben, spielt die API von SwiftUrban eine entscheidende Rolle bei der Gew\u00e4hrleistung einer nahtlosen Interoperabilit\u00e4t mit bestehenden Systemen, w\u00e4hrend sie gleichzeitig die spezifischen Bed\u00fcrfnisse der einzelnen Branchen ber\u00fccksichtigt.<\/p>\n","protected":false},"author":1,"featured_media":1856,"parent":0,"menu_order":0,"comment_status":"closed","ping_status":"closed","template":"","meta":{"footnotes":""},"class_list":["post-2062","page","type-page","status-publish","has-post-thumbnail","hentry"],"_links":{"self":[{"href":"https:\/\/swift-urban.com\/de\/wp-json\/wp\/v2\/pages\/2062","targetHints":{"allow":["GET"]}}],"collection":[{"href":"https:\/\/swift-urban.com\/de\/wp-json\/wp\/v2\/pages"}],"about":[{"href":"https:\/\/swift-urban.com\/de\/wp-json\/wp\/v2\/types\/page"}],"author":[{"embeddable":true,"href":"https:\/\/swift-urban.com\/de\/wp-json\/wp\/v2\/users\/1"}],"replies":[{"embeddable":true,"href":"https:\/\/swift-urban.com\/de\/wp-json\/wp\/v2\/comments?post=2062"}],"version-history":[{"count":11,"href":"https:\/\/swift-urban.com\/de\/wp-json\/wp\/v2\/pages\/2062\/revisions"}],"predecessor-version":[{"id":2663,"href":"https:\/\/swift-urban.com\/de\/wp-json\/wp\/v2\/pages\/2062\/revisions\/2663"}],"wp:featuredmedia":[{"embeddable":true,"href":"https:\/\/swift-urban.com\/de\/wp-json\/wp\/v2\/media\/1856"}],"wp:attachment":[{"href":"https:\/\/swift-urban.com\/de\/wp-json\/wp\/v2\/media?parent=2062"}],"curies":[{"name":"wp","href":"https:\/\/api.w.org\/{rel}","templated":true}]}}