{"id":2058,"date":"2023-12-13T11:14:23","date_gmt":"2023-12-13T10:14:23","guid":{"rendered":"https:\/\/swift-urban.com\/api-swifturban\/"},"modified":"2025-07-18T15:05:10","modified_gmt":"2025-07-18T13:05:10","slug":"api-swifturban","status":"publish","type":"page","link":"https:\/\/swift-urban.com\/fr\/api-swifturban\/","title":{"rendered":"API SwiftUrban"},"content":{"rendered":"\t\t<div data-elementor-type=\"wp-page\" data-elementor-id=\"2058\" class=\"elementor elementor-2058 elementor-1796\" data-elementor-post-type=\"page\">\n\t\t\t\t<div class=\"elementor-element elementor-element-960634d e-con-full e-flex elementor-invisible e-con e-parent\" data-id=\"960634d\" data-element_type=\"container\" data-e-type=\"container\" data-settings=\"{&quot;background_background&quot;:&quot;video&quot;,&quot;jet_parallax_layout_list&quot;:[],&quot;animation&quot;:&quot;fadeIn&quot;,&quot;background_video_link&quot;:&quot;https:\\\/\\\/swift-urban.com\\\/wp-content\\\/uploads\\\/2024\\\/01\\\/API_Animation_1280x720.mp4&quot;,&quot;background_play_on_mobile&quot;:&quot;yes&quot;}\">\n\t\t<div class=\"elementor-background-video-container\">\n\t\t\t\t\t\t\t<video class=\"elementor-background-video-hosted\" role=\"presentation\" autoplay muted playsinline loop><\/video>\n\t\t\t\t\t<\/div><div class=\"elementor-element elementor-element-ded4bf7 e-con-full e-flex e-con e-child\" data-id=\"ded4bf7\" data-element_type=\"container\" data-e-type=\"container\" data-settings=\"{&quot;jet_parallax_layout_list&quot;:[]}\">\n\t\t\t\t<\/div>\n\t\t<div class=\"elementor-element elementor-element-b15935f e-con-full e-flex e-con e-child\" data-id=\"b15935f\" data-element_type=\"container\" data-e-type=\"container\" data-settings=\"{&quot;jet_parallax_layout_list&quot;:[]}\">\n\t\t\t\t<div class=\"elementor-element elementor-element-154df0f elementor-widget__width-initial elementor-widget-tablet__width-initial elementor-widget-mobile__width-initial elementor-absolute elementor-invisible elementor-widget elementor-widget-heading\" data-id=\"154df0f\" data-element_type=\"widget\" data-e-type=\"widget\" data-settings=\"{&quot;_animation&quot;:&quot;fadeIn&quot;,&quot;_animation_delay&quot;:200,&quot;_position&quot;:&quot;absolute&quot;}\" data-widget_type=\"heading.default\">\n\t\t\t\t<div class=\"elementor-widget-container\">\n\t\t\t\t\t<h2 class=\"elementor-heading-title elementor-size-default\">R\u00e9volutionnez votre logistique urbaine avec l'API de SwiftUrban !<\/h2>\t\t\t\t<\/div>\n\t\t\t\t<\/div>\n\t\t\t\t<\/div>\n\t\t\t\t<\/div>\n\t\t<div class=\"elementor-element elementor-element-ac8b20f e-con-full e-flex e-con e-parent\" data-id=\"ac8b20f\" data-element_type=\"container\" data-e-type=\"container\" data-settings=\"{&quot;jet_parallax_layout_list&quot;:[]}\">\n\t\t\t\t<div class=\"elementor-element elementor-element-c153b29 elementor-invisible elementor-widget elementor-widget-heading\" data-id=\"c153b29\" data-element_type=\"widget\" data-e-type=\"widget\" data-settings=\"{&quot;_animation&quot;:&quot;fadeIn&quot;}\" data-widget_type=\"heading.default\">\n\t\t\t\t<div class=\"elementor-widget-container\">\n\t\t\t\t\t<div class=\"elementor-heading-title elementor-size-default\">API SwiftUrban<\/div>\t\t\t\t<\/div>\n\t\t\t\t<\/div>\n\t\t\t\t<div class=\"elementor-element elementor-element-bf5f19a elementor-invisible elementor-widget elementor-widget-heading\" data-id=\"bf5f19a\" data-element_type=\"widget\" data-e-type=\"widget\" data-settings=\"{&quot;_animation&quot;:&quot;fadeIn&quot;,&quot;_animation_delay&quot;:300}\" data-widget_type=\"heading.default\">\n\t\t\t\t<div class=\"elementor-widget-container\">\n\t\t\t\t\t<h2 class=\"elementor-heading-title elementor-size-default\">R\u00e9volutionner la logistique urbaine<\/h2>\t\t\t\t<\/div>\n\t\t\t\t<\/div>\n\t\t\t\t<\/div>\n\t\t<div class=\"elementor-element elementor-element-e8c88be e-con-full e-flex e-con e-parent\" data-id=\"e8c88be\" data-element_type=\"container\" data-e-type=\"container\" data-settings=\"{&quot;jet_parallax_layout_list&quot;:[]}\">\n\t\t<div class=\"elementor-element elementor-element-b8d1600 e-con-full e-flex e-con e-child\" data-id=\"b8d1600\" data-element_type=\"container\" data-e-type=\"container\" data-settings=\"{&quot;jet_parallax_layout_list&quot;:[]}\">\n\t\t\t\t<div class=\"elementor-element elementor-element-eebb137 elementor-invisible elementor-widget elementor-widget-text-editor\" data-id=\"eebb137\" data-element_type=\"widget\" data-e-type=\"widget\" data-settings=\"{&quot;_animation&quot;:&quot;fadeIn&quot;}\" data-widget_type=\"text-editor.default\">\n\t\t\t\t<div class=\"elementor-widget-container\">\n\t\t\t\t\t\t\t\t\t<p>SwiftUrban LLC s&rsquo;est positionn\u00e9 comme un acteur cl\u00e9 dans la fourniture de services de logistique et de mobilit\u00e9 adapt\u00e9s aux march\u00e9s de livraison urbaine r\u00e9glement\u00e9s en mati\u00e8re d&rsquo;\u00e9missions de CO2. La plateforme SwiftUrban est con\u00e7ue pour connecter et normaliser le march\u00e9 structur\u00e9 des grands clients de la logistique et des flottes avec le march\u00e9 \u00e9mergent et tr\u00e8s fragment\u00e9 des fournisseurs de services li\u00e9s au CO2. Leur client\u00e8le couvre divers secteurs, notamment la logistique des colis, la logistique des marchandises g\u00e9n\u00e9rales, la vente au d\u00e9tail de produits alimentaires, la gestion des installations, la vente au d\u00e9tail et le commerce, la micromobilit\u00e9 et la livraison de produits alimentaires. Tous ces secteurs sont confront\u00e9s au d\u00e9fi commun de la transition vers une logistique urbaine neutre en CO2.<\/p><p>Les comp\u00e9tences cl\u00e9s de SwiftUrban r\u00e9sident dans l&rsquo;interaction complexe entre l&rsquo;achat, l&rsquo;entretien et la gestion de la flotte de v\u00e9hicules, associ\u00e9e \u00e0 une planification logistique neutre en CO2 et \u00e0 la transition vers une mobilit\u00e9 verte gr\u00e2ce \u00e0 de nouveaux v\u00e9hicules. Cela va de pair avec des plates-formes informatiques sophistiqu\u00e9es, qui jouent un r\u00f4le crucial pour les clients et les comptes connect\u00e9s \u00e0 la plate-forme SwiftUrban. Les solutions de leur plateforme englobent la gestion logistique, le co\u00fbt total de possession, la gestion de la cha\u00eene d&rsquo;approvisionnement et de la logistique, les outils et les rapports sur la r\u00e9glementation des \u00e9missions de carbone, les zones d&rsquo;\u00e9mission, les v\u00e9los-cargos, les micro-d\u00e9p\u00f4ts et les hubs, et la livraison du dernier kilom\u00e8tre.<\/p>\t\t\t\t\t\t\t\t<\/div>\n\t\t\t\t<\/div>\n\t\t\t\t<\/div>\n\t\t<div class=\"elementor-element elementor-element-cf41353 e-con-full e-flex elementor-invisible e-con e-child\" data-id=\"cf41353\" data-element_type=\"container\" data-e-type=\"container\" data-settings=\"{&quot;jet_parallax_layout_list&quot;:[],&quot;background_background&quot;:&quot;classic&quot;,&quot;animation&quot;:&quot;fadeIn&quot;,&quot;animation_delay&quot;:150,&quot;background_motion_fx_motion_fx_scrolling&quot;:&quot;yes&quot;,&quot;background_motion_fx_translateX_effect&quot;:&quot;yes&quot;,&quot;background_motion_fx_translateX_speed&quot;:{&quot;unit&quot;:&quot;px&quot;,&quot;size&quot;:4,&quot;sizes&quot;:[]},&quot;background_motion_fx_translateX_affectedRange&quot;:{&quot;unit&quot;:&quot;%&quot;,&quot;size&quot;:&quot;&quot;,&quot;sizes&quot;:{&quot;start&quot;:0,&quot;end&quot;:100}},&quot;background_motion_fx_devices&quot;:[&quot;desktop&quot;,&quot;tablet&quot;,&quot;mobile&quot;]}\">\n\t\t\t\t<\/div>\n\t\t\t\t<\/div>\n\t\t<div class=\"elementor-element elementor-element-30c9e55 e-con-full e-flex e-con e-parent\" data-id=\"30c9e55\" data-element_type=\"container\" data-e-type=\"container\" data-settings=\"{&quot;jet_parallax_layout_list&quot;:[]}\">\n\t\t<div class=\"elementor-element elementor-element-0d4f0aa e-con-full e-flex elementor-invisible e-con e-child\" data-id=\"0d4f0aa\" data-element_type=\"container\" data-e-type=\"container\" data-settings=\"{&quot;jet_parallax_layout_list&quot;:[],&quot;background_background&quot;:&quot;classic&quot;,&quot;animation&quot;:&quot;fadeIn&quot;,&quot;animation_delay&quot;:150,&quot;background_motion_fx_motion_fx_scrolling&quot;:&quot;yes&quot;,&quot;background_motion_fx_translateX_effect&quot;:&quot;yes&quot;,&quot;background_motion_fx_translateX_speed&quot;:{&quot;unit&quot;:&quot;px&quot;,&quot;size&quot;:4,&quot;sizes&quot;:[]},&quot;background_motion_fx_translateX_affectedRange&quot;:{&quot;unit&quot;:&quot;%&quot;,&quot;size&quot;:&quot;&quot;,&quot;sizes&quot;:{&quot;start&quot;:0,&quot;end&quot;:100}},&quot;background_motion_fx_devices&quot;:[&quot;desktop&quot;,&quot;tablet&quot;,&quot;mobile&quot;]}\">\n\t\t\t\t<\/div>\n\t\t<div class=\"elementor-element elementor-element-e0f579b e-con-full e-flex e-con e-child\" data-id=\"e0f579b\" data-element_type=\"container\" data-e-type=\"container\" data-settings=\"{&quot;jet_parallax_layout_list&quot;:[]}\">\n\t\t\t\t<div class=\"elementor-element elementor-element-ca6c604 elementor-invisible elementor-widget elementor-widget-text-editor\" data-id=\"ca6c604\" data-element_type=\"widget\" data-e-type=\"widget\" data-settings=\"{&quot;_animation&quot;:&quot;fadeIn&quot;,&quot;_animation_delay&quot;:150}\" data-widget_type=\"text-editor.default\">\n\t\t\t\t<div class=\"elementor-widget-container\">\n\t\t\t\t\t\t\t\t\t<p>Ces offres refl\u00e8tent l&rsquo;engagement de SwiftUrban \u00e0 fournir des solutions compl\u00e8tes et durables pour la logistique urbaine, en soulignant l&rsquo;importance de la r\u00e9duction des \u00e9missions de CO2 et de la mobilit\u00e9 verte dans le march\u00e9 actuel en pleine \u00e9volution.<\/p><p>SwiftUrban LLC propose une API compl\u00e8te et polyvalente pour les entreprises impliqu\u00e9es dans la logistique des colis, la logistique des marchandises g\u00e9n\u00e9rales, la vente au d\u00e9tail de produits alimentaires, la gestion des installations, la vente au d\u00e9tail et le commerce, la micromobilit\u00e9 et la livraison de produits alimentaires. Alors que ces secteurs s&rsquo;efforcent de plus en plus de mettre en place une logistique urbaine neutre en CO2, l&rsquo;API de SwiftUrban joue un r\u00f4le crucial en garantissant une interop\u00e9rabilit\u00e9 transparente avec les syst\u00e8mes existants tout en r\u00e9pondant aux besoins sp\u00e9cifiques de chaque secteur.<\/p>\t\t\t\t\t\t\t\t<\/div>\n\t\t\t\t<\/div>\n\t\t\t\t<\/div>\n\t\t\t\t<\/div>\n\t\t<div class=\"elementor-element elementor-element-7f01902 e-con-full e-flex e-con e-parent\" data-id=\"7f01902\" data-element_type=\"container\" data-e-type=\"container\" data-settings=\"{&quot;jet_parallax_layout_list&quot;:[]}\">\n\t\t<div class=\"elementor-element elementor-element-1a56c82 e-con-full e-flex elementor-invisible e-con e-child\" data-id=\"1a56c82\" data-element_type=\"container\" data-e-type=\"container\" data-settings=\"{&quot;jet_parallax_layout_list&quot;:[],&quot;animation&quot;:&quot;fadeIn&quot;,&quot;animation_delay&quot;:150}\">\n\t\t\t\t<div class=\"elementor-element elementor-element-5418c63 elementor-widget elementor-widget-image\" data-id=\"5418c63\" data-element_type=\"widget\" data-e-type=\"widget\" data-widget_type=\"image.default\">\n\t\t\t\t<div class=\"elementor-widget-container\">\n\t\t\t\t\t\t\t\t\t\t\t\t\t\t\t<img fetchpriority=\"high\" decoding=\"async\" width=\"600\" height=\"497\" src=\"https:\/\/swift-urban.com\/wp-content\/uploads\/2023\/12\/icon-empowering-600x497.jpg\" class=\"attachment-thumbnail size-thumbnail wp-image-1913\" alt=\"\" \/>\t\t\t\t\t\t\t\t\t\t\t\t\t\t\t<\/div>\n\t\t\t\t<\/div>\n\t\t\t\t<div class=\"elementor-element elementor-element-783a70a elementor-widget elementor-widget-heading\" data-id=\"783a70a\" data-element_type=\"widget\" data-e-type=\"widget\" data-widget_type=\"heading.default\">\n\t\t\t\t<div class=\"elementor-widget-container\">\n\t\t\t\t\t<h2 class=\"elementor-heading-title elementor-size-default\">Donner du pouvoir aux entreprises<\/h2>\t\t\t\t<\/div>\n\t\t\t\t<\/div>\n\t\t\t\t<div class=\"elementor-element elementor-element-b674c71 elementor-widget elementor-widget-text-editor\" data-id=\"b674c71\" data-element_type=\"widget\" data-e-type=\"widget\" data-widget_type=\"text-editor.default\">\n\t\t\t\t<div class=\"elementor-widget-container\">\n\t\t\t\t\t\t\t\t\t<ul><li><strong>Connectivit\u00e9 B2B transparente<\/strong>: Faciliter les interactions commerciales solides.<\/li><li><strong>Approvisionnement sans effort<\/strong>: Simplifiez l&rsquo;approvisionnement gr\u00e2ce \u00e0 notre approche de guichet unique.<\/li><li><strong>Syst\u00e8mes IAM robustes<\/strong>: Acc\u00e8s s\u00e9curis\u00e9 et rationalis\u00e9 pour toutes les parties prenantes.<\/li><\/ul>\t\t\t\t\t\t\t\t<\/div>\n\t\t\t\t<\/div>\n\t\t\t\t<\/div>\n\t\t<div class=\"elementor-element elementor-element-34a8e2f e-con-full e-flex elementor-invisible e-con e-child\" data-id=\"34a8e2f\" data-element_type=\"container\" data-e-type=\"container\" data-settings=\"{&quot;jet_parallax_layout_list&quot;:[],&quot;animation&quot;:&quot;fadeIn&quot;,&quot;animation_delay&quot;:300}\">\n\t\t\t\t<div class=\"elementor-element elementor-element-fe4e981 elementor-widget elementor-widget-image\" data-id=\"fe4e981\" data-element_type=\"widget\" data-e-type=\"widget\" data-widget_type=\"image.default\">\n\t\t\t\t<div class=\"elementor-widget-container\">\n\t\t\t\t\t\t\t\t\t\t\t\t\t\t\t<img decoding=\"async\" width=\"600\" height=\"497\" src=\"https:\/\/swift-urban.com\/wp-content\/uploads\/2023\/12\/icon-greenmobility-600x497.jpg\" class=\"attachment-thumbnail size-thumbnail wp-image-1916\" alt=\"\" \/>\t\t\t\t\t\t\t\t\t\t\t\t\t\t\t<\/div>\n\t\t\t\t<\/div>\n\t\t\t\t<div class=\"elementor-element elementor-element-920e3c0 elementor-widget elementor-widget-heading\" data-id=\"920e3c0\" data-element_type=\"widget\" data-e-type=\"widget\" data-widget_type=\"heading.default\">\n\t\t\t\t<div class=\"elementor-widget-container\">\n\t\t\t\t\t<h3 class=\"elementor-heading-title elementor-size-default\">Solutions de mobilit\u00e9 verte<\/h3>\t\t\t\t<\/div>\n\t\t\t\t<\/div>\n\t\t\t\t<div class=\"elementor-element elementor-element-324845d elementor-widget elementor-widget-text-editor\" data-id=\"324845d\" data-element_type=\"widget\" data-e-type=\"widget\" data-widget_type=\"text-editor.default\">\n\t\t\t\t<div class=\"elementor-widget-container\">\n\t\t\t\t\t\t\t\t\t<ul><li><strong>Vari\u00e9t\u00e9 de flotte respectueuse de l&rsquo;environnement<\/strong>: Des v\u00e9los \u00e9lectriques aux remorques \u00e9lectriques autonomes.<\/li><li><strong>Sp\u00e9cifications personnalisables<\/strong>: Adaptez la charge utile, le volume et l&rsquo;autonomie \u00e0 vos besoins.<\/li><\/ul>\t\t\t\t\t\t\t\t<\/div>\n\t\t\t\t<\/div>\n\t\t\t\t<\/div>\n\t\t\t\t<\/div>\n\t\t<div class=\"elementor-element elementor-element-c99b55f e-con-full e-flex e-con e-parent\" data-id=\"c99b55f\" data-element_type=\"container\" data-e-type=\"container\" data-settings=\"{&quot;jet_parallax_layout_list&quot;:[]}\">\n\t\t<div class=\"elementor-element elementor-element-849e3cb e-con-full e-flex elementor-invisible e-con e-child\" data-id=\"849e3cb\" data-element_type=\"container\" data-e-type=\"container\" data-settings=\"{&quot;jet_parallax_layout_list&quot;:[],&quot;animation&quot;:&quot;fadeIn&quot;,&quot;animation_delay&quot;:150}\">\n\t\t\t\t<div class=\"elementor-element elementor-element-a6ea35b elementor-widget elementor-widget-image\" data-id=\"a6ea35b\" data-element_type=\"widget\" data-e-type=\"widget\" data-widget_type=\"image.default\">\n\t\t\t\t<div class=\"elementor-widget-container\">\n\t\t\t\t\t\t\t\t\t\t\t\t\t\t\t<img decoding=\"async\" width=\"600\" height=\"497\" src=\"https:\/\/swift-urban.com\/wp-content\/uploads\/2023\/12\/icon-operational-600x497.jpg\" class=\"attachment-thumbnail size-thumbnail wp-image-1922\" alt=\"\" \/>\t\t\t\t\t\t\t\t\t\t\t\t\t\t\t<\/div>\n\t\t\t\t<\/div>\n\t\t\t\t<div class=\"elementor-element elementor-element-6e46984 elementor-widget elementor-widget-heading\" data-id=\"6e46984\" data-element_type=\"widget\" data-e-type=\"widget\" data-widget_type=\"heading.default\">\n\t\t\t\t<div class=\"elementor-widget-container\">\n\t\t\t\t\t<h2 class=\"elementor-heading-title elementor-size-default\">Excellence op\u00e9rationnelle<\/h2>\t\t\t\t<\/div>\n\t\t\t\t<\/div>\n\t\t\t\t<div class=\"elementor-element elementor-element-9578d8f elementor-widget elementor-widget-text-editor\" data-id=\"9578d8f\" data-element_type=\"widget\" data-e-type=\"widget\" data-widget_type=\"text-editor.default\">\n\t\t\t\t<div class=\"elementor-widget-container\">\n\t\t\t\t\t\t\t\t\t<ul><li><strong>Options de chargement avanc\u00e9es<\/strong>: Divers transporteurs pour tous les types de marchandises.<\/li><li><strong>Fonctionnalit\u00e9s de pointe<\/strong>: Batteries interchangeables, r\u00e9silience climatique, et plus encore.<\/li><\/ul>\t\t\t\t\t\t\t\t<\/div>\n\t\t\t\t<\/div>\n\t\t\t\t<\/div>\n\t\t<div class=\"elementor-element elementor-element-ee98382 e-con-full e-flex elementor-invisible e-con e-child\" data-id=\"ee98382\" data-element_type=\"container\" data-e-type=\"container\" data-settings=\"{&quot;jet_parallax_layout_list&quot;:[],&quot;animation&quot;:&quot;fadeIn&quot;,&quot;animation_delay&quot;:300}\">\n\t\t\t\t<div class=\"elementor-element elementor-element-ac2df3c elementor-widget elementor-widget-image\" data-id=\"ac2df3c\" data-element_type=\"widget\" data-e-type=\"widget\" data-widget_type=\"image.default\">\n\t\t\t\t<div class=\"elementor-widget-container\">\n\t\t\t\t\t\t\t\t\t\t\t\t\t\t\t<img loading=\"lazy\" decoding=\"async\" width=\"600\" height=\"497\" src=\"https:\/\/swift-urban.com\/wp-content\/uploads\/2023\/12\/icon-support-600x497.jpg\" class=\"attachment-thumbnail size-thumbnail wp-image-1931\" alt=\"\" \/>\t\t\t\t\t\t\t\t\t\t\t\t\t\t\t<\/div>\n\t\t\t\t<\/div>\n\t\t\t\t<div class=\"elementor-element elementor-element-a5cf51b elementor-widget elementor-widget-heading\" data-id=\"a5cf51b\" data-element_type=\"widget\" data-e-type=\"widget\" data-widget_type=\"heading.default\">\n\t\t\t\t<div class=\"elementor-widget-container\">\n\t\t\t\t\t<h3 class=\"elementor-heading-title elementor-size-default\">Services de soutien renforc\u00e9<\/h3>\t\t\t\t<\/div>\n\t\t\t\t<\/div>\n\t\t\t\t<div class=\"elementor-element elementor-element-27002ad elementor-widget elementor-widget-text-editor\" data-id=\"27002ad\" data-element_type=\"widget\" data-e-type=\"widget\" data-widget_type=\"text-editor.default\">\n\t\t\t\t<div class=\"elementor-widget-container\">\n\t\t\t\t\t\t\t\t\t<ul><li><strong>Perspectives strat\u00e9giques<\/strong>: Acc\u00e8s \u00e0 notre tableau de bord des indicateurs cl\u00e9s de performance et \u00e0 notre base de donn\u00e9es.<\/li><li><strong>Approvisionnement flexible<\/strong>: Acheter, louer ou financer avec une couverture d&rsquo;assurance compl\u00e8te.<\/li><li><strong>Support d\u00e9di\u00e9<\/strong>: Un service technique et client\u00e8le in\u00e9gal\u00e9.<\/li><\/ul>\t\t\t\t\t\t\t\t<\/div>\n\t\t\t\t<\/div>\n\t\t\t\t<\/div>\n\t\t\t\t<\/div>\n\t\t<div class=\"elementor-element elementor-element-d8ea950 e-con-full e-flex e-con e-parent\" data-id=\"d8ea950\" data-element_type=\"container\" data-e-type=\"container\" data-settings=\"{&quot;jet_parallax_layout_list&quot;:[]}\">\n\t\t<div class=\"elementor-element elementor-element-1ae02c4 e-con-full e-flex elementor-invisible e-con e-child\" data-id=\"1ae02c4\" data-element_type=\"container\" data-e-type=\"container\" data-settings=\"{&quot;jet_parallax_layout_list&quot;:[],&quot;animation&quot;:&quot;fadeIn&quot;,&quot;animation_delay&quot;:150}\">\n\t\t\t\t<div class=\"elementor-element elementor-element-3c3685f elementor-widget elementor-widget-heading\" data-id=\"3c3685f\" data-element_type=\"widget\" data-e-type=\"widget\" data-widget_type=\"heading.default\">\n\t\t\t\t<div class=\"elementor-widget-container\">\n\t\t\t\t\t<h2 class=\"elementor-heading-title elementor-size-default\">Gestion strat\u00e9gique des actifs<\/h2>\t\t\t\t<\/div>\n\t\t\t\t<\/div>\n\t\t\t\t<div class=\"elementor-element elementor-element-b74d540 elementor-widget elementor-widget-image\" data-id=\"b74d540\" data-element_type=\"widget\" data-e-type=\"widget\" data-widget_type=\"image.default\">\n\t\t\t\t<div class=\"elementor-widget-container\">\n\t\t\t\t\t\t\t\t\t\t\t\t\t\t\t<img loading=\"lazy\" decoding=\"async\" width=\"600\" height=\"497\" src=\"https:\/\/swift-urban.com\/wp-content\/uploads\/2023\/12\/icon-delivery-600x497.jpg\" class=\"attachment-thumbnail size-thumbnail wp-image-1941\" alt=\"\" \/>\t\t\t\t\t\t\t\t\t\t\t\t\t\t\t<\/div>\n\t\t\t\t<\/div>\n\t\t\t\t<div class=\"elementor-element elementor-element-48b3d0d elementor-widget elementor-widget-text-editor\" data-id=\"48b3d0d\" data-element_type=\"widget\" data-e-type=\"widget\" data-widget_type=\"text-editor.default\">\n\t\t\t\t<div class=\"elementor-widget-container\">\n\t\t\t\t\t\t\t\t\t<ul><li><strong>Optimisation de la flotte<\/strong>: G\u00e9rez votre flotte avec pr\u00e9cision.<\/li><li><strong>Int\u00e9gration des sous-traitants<\/strong>: Rationalisez les op\u00e9rations dans l&rsquo;ensemble de votre r\u00e9seau.<\/li><\/ul>\t\t\t\t\t\t\t\t<\/div>\n\t\t\t\t<\/div>\n\t\t\t\t<\/div>\n\t\t<div class=\"elementor-element elementor-element-95750e5 e-con-full e-flex elementor-invisible e-con e-child\" data-id=\"95750e5\" data-element_type=\"container\" data-e-type=\"container\" data-settings=\"{&quot;jet_parallax_layout_list&quot;:[],&quot;animation&quot;:&quot;fadeIn&quot;,&quot;animation_delay&quot;:300}\">\n\t\t\t\t<div class=\"elementor-element elementor-element-e2af239 elementor-widget elementor-widget-heading\" data-id=\"e2af239\" data-element_type=\"widget\" data-e-type=\"widget\" data-widget_type=\"heading.default\">\n\t\t\t\t<div class=\"elementor-widget-container\">\n\t\t\t\t\t<h2 class=\"elementor-heading-title elementor-size-default\">Plateforme pilot\u00e9e par l'IA<\/h2>\t\t\t\t<\/div>\n\t\t\t\t<\/div>\n\t\t\t\t<div class=\"elementor-element elementor-element-71ae417 elementor-widget elementor-widget-image\" data-id=\"71ae417\" data-element_type=\"widget\" data-e-type=\"widget\" data-widget_type=\"image.default\">\n\t\t\t\t<div class=\"elementor-widget-container\">\n\t\t\t\t\t\t\t\t\t\t\t\t\t\t\t<img loading=\"lazy\" decoding=\"async\" width=\"600\" height=\"497\" src=\"https:\/\/swift-urban.com\/wp-content\/uploads\/2023\/12\/icon-delivery2-600x497.jpg\" class=\"attachment-thumbnail size-thumbnail wp-image-1944\" alt=\"\" \/>\t\t\t\t\t\t\t\t\t\t\t\t\t\t\t<\/div>\n\t\t\t\t<\/div>\n\t\t\t\t<div class=\"elementor-element elementor-element-17ed26c elementor-widget elementor-widget-text-editor\" data-id=\"17ed26c\" data-element_type=\"widget\" data-e-type=\"widget\" data-widget_type=\"text-editor.default\">\n\t\t\t\t<div class=\"elementor-widget-container\">\n\t\t\t\t\t\t\t\t\t<ul><li><strong>R\u00e9volutionnez la logistique urbaine gr\u00e2ce \u00e0 l&rsquo;IA<\/strong>: une livraison de colis efficace et respectueuse de l&rsquo;environnement, adapt\u00e9e aux besoins sp\u00e9cifiques de votre ville.<\/li><li><strong>Exploitez la puissance de l&rsquo;IA pour une livraison de colis plus intelligente<\/strong>: Optimisation des itin\u00e9raires, r\u00e9duction de l&#8217;empreinte carbone, am\u00e9lioration de la satisfaction des clients.<\/li><li>Des <strong>solutions bas\u00e9es sur l&rsquo;IA pour l&rsquo;avenir de la livraison urbaine<\/strong>: S&rsquo;adapter \u00e0 la topographie, \u00e0 l&rsquo;infrastructure et au rythme de votre ville.<\/li><\/ul>\t\t\t\t\t\t\t\t<\/div>\n\t\t\t\t<\/div>\n\t\t\t\t<\/div>\n\t\t\t\t<\/div>\n\t\t<div class=\"elementor-element elementor-element-81b6b66 e-con-full e-flex e-con e-parent\" data-id=\"81b6b66\" data-element_type=\"container\" data-e-type=\"container\" data-settings=\"{&quot;jet_parallax_layout_list&quot;:[]}\">\n\t\t\t\t<div class=\"elementor-element elementor-element-117388e elementor-invisible elementor-widget elementor-widget-heading\" data-id=\"117388e\" data-element_type=\"widget\" data-e-type=\"widget\" data-settings=\"{&quot;_animation&quot;:&quot;fadeIn&quot;,&quot;_animation_delay&quot;:300}\" data-widget_type=\"heading.default\">\n\t\t\t\t<div class=\"elementor-widget-container\">\n\t\t\t\t\t<h2 class=\"elementor-heading-title elementor-size-default\">R\u00e9volutionnez votre logistique urbaine avec l'API de SwiftUrban : Votre portail vers des op\u00e9rations efficaces, durables et neutres en CO2.<\/h2>\t\t\t\t<\/div>\n\t\t\t\t<\/div>\n\t\t\t\t<\/div>\n\t\t\t\t<\/div>\n\t\t","protected":false},"excerpt":{"rendered":"<p>SwiftUrban propose une API compl\u00e8te et polyvalente pour les entreprises impliqu\u00e9es dans la logistique des colis, la logistique des marchandises g\u00e9n\u00e9rales, la vente au d\u00e9tail de produits alimentaires, la gestion des installations, la vente au d\u00e9tail et le commerce, la micromobilit\u00e9 et la livraison de produits alimentaires. Alors que ces secteurs s&rsquo;efforcent de plus en plus de mettre en place une logistique urbaine neutre en CO2, l&rsquo;API de SwiftUrban joue un r\u00f4le crucial en garantissant une interop\u00e9rabilit\u00e9 transparente avec les syst\u00e8mes existants tout en r\u00e9pondant aux besoins sp\u00e9cifiques de chaque secteur.<\/p>\n","protected":false},"author":1,"featured_media":1855,"parent":0,"menu_order":0,"comment_status":"closed","ping_status":"closed","template":"","meta":{"footnotes":""},"class_list":["post-2058","page","type-page","status-publish","has-post-thumbnail","hentry"],"_links":{"self":[{"href":"https:\/\/swift-urban.com\/fr\/wp-json\/wp\/v2\/pages\/2058","targetHints":{"allow":["GET"]}}],"collection":[{"href":"https:\/\/swift-urban.com\/fr\/wp-json\/wp\/v2\/pages"}],"about":[{"href":"https:\/\/swift-urban.com\/fr\/wp-json\/wp\/v2\/types\/page"}],"author":[{"embeddable":true,"href":"https:\/\/swift-urban.com\/fr\/wp-json\/wp\/v2\/users\/1"}],"replies":[{"embeddable":true,"href":"https:\/\/swift-urban.com\/fr\/wp-json\/wp\/v2\/comments?post=2058"}],"version-history":[{"count":13,"href":"https:\/\/swift-urban.com\/fr\/wp-json\/wp\/v2\/pages\/2058\/revisions"}],"predecessor-version":[{"id":2662,"href":"https:\/\/swift-urban.com\/fr\/wp-json\/wp\/v2\/pages\/2058\/revisions\/2662"}],"wp:featuredmedia":[{"embeddable":true,"href":"https:\/\/swift-urban.com\/fr\/wp-json\/wp\/v2\/media\/1855"}],"wp:attachment":[{"href":"https:\/\/swift-urban.com\/fr\/wp-json\/wp\/v2\/media?parent=2058"}],"curies":[{"name":"wp","href":"https:\/\/api.w.org\/{rel}","templated":true}]}}